{"id":1245,"date":"2025-04-14T11:45:50","date_gmt":"2025-04-14T17:45:50","guid":{"rendered":"https:\/\/centrotrilingue.edu.mx\/?page_id=1245"},"modified":"2025-05-07T13:51:29","modified_gmt":"2025-05-07T19:51:29","slug":"efemerides-de-marzo","status":"publish","type":"page","link":"https:\/\/centrotrilingue.edu.mx\/efemerides-de-marzo\/","title":{"rendered":"Efem\u00e9rides de Mayo"},"content":{"rendered":"\n<div class=\"wp-block-media-text is-stacked-on-mobile\"><figure class=\"wp-block-media-text__media\"><img fetchpriority=\"high\" decoding=\"async\" width=\"819\" height=\"1024\" src=\"https:\/\/centrotrilingue.edu.mx\/wp-content\/uploads\/2025\/05\/WhatsApp-Image-2025-05-07-at-13.40.18-819x1024.jpeg\" alt=\"\" class=\"wp-image-1353 size-full\" srcset=\"https:\/\/centrotrilingue.edu.mx\/wp-content\/uploads\/2025\/05\/WhatsApp-Image-2025-05-07-at-13.40.18-819x1024.jpeg 819w, https:\/\/centrotrilingue.edu.mx\/wp-content\/uploads\/2025\/05\/WhatsApp-Image-2025-05-07-at-13.40.18-240x300.jpeg 240w, https:\/\/centrotrilingue.edu.mx\/wp-content\/uploads\/2025\/05\/WhatsApp-Image-2025-05-07-at-13.40.18-768x960.jpeg 768w, https:\/\/centrotrilingue.edu.mx\/wp-content\/uploads\/2025\/05\/WhatsApp-Image-2025-05-07-at-13.40.18-1229x1536.jpeg 1229w, https:\/\/centrotrilingue.edu.mx\/wp-content\/uploads\/2025\/05\/WhatsApp-Image-2025-05-07-at-13.40.18-600x750.jpeg 600w, https:\/\/centrotrilingue.edu.mx\/wp-content\/uploads\/2025\/05\/WhatsApp-Image-2025-05-07-at-13.40.18.jpeg 1280w\" sizes=\"(max-width: 819px) 100vw, 819px\" \/><\/figure><div class=\"wp-block-media-text__content\">\n<hr class=\"wp-block-separator has-alpha-channel-opacity\"\/>\n\n\n\n<p class=\"has-text-align-center\">El <strong>D\u00eda Internacional de los Trabajadores<\/strong> o Primero de Mayo es la conmemoraci\u00f3n del movimiento obrero mundial. Es una jornada que se ha utilizado, habitualmente, para realizar diferentes reivindicaciones sociales y laborales a favor de las clases trabajadoras. Es d\u00eda festivo nacional en la mayor\u00eda de pa\u00edses.<\/p>\n<\/div><\/div>\n\n\n\n<hr class=\"wp-block-separator has-alpha-channel-opacity\"\/>\n\n\n\n<div class=\"wp-block-media-text is-stacked-on-mobile\"><figure class=\"wp-block-media-text__media\"><img decoding=\"async\" width=\"825\" height=\"1024\" src=\"https:\/\/centrotrilingue.edu.mx\/wp-content\/uploads\/2025\/05\/WhatsApp-Image-2025-05-07-at-13.40.19-825x1024.jpeg\" alt=\"\" class=\"wp-image-1354 size-full\" srcset=\"https:\/\/centrotrilingue.edu.mx\/wp-content\/uploads\/2025\/05\/WhatsApp-Image-2025-05-07-at-13.40.19-825x1024.jpeg 825w, https:\/\/centrotrilingue.edu.mx\/wp-content\/uploads\/2025\/05\/WhatsApp-Image-2025-05-07-at-13.40.19-242x300.jpeg 242w, https:\/\/centrotrilingue.edu.mx\/wp-content\/uploads\/2025\/05\/WhatsApp-Image-2025-05-07-at-13.40.19-768x953.jpeg 768w, https:\/\/centrotrilingue.edu.mx\/wp-content\/uploads\/2025\/05\/WhatsApp-Image-2025-05-07-at-13.40.19-1237x1536.jpeg 1237w, https:\/\/centrotrilingue.edu.mx\/wp-content\/uploads\/2025\/05\/WhatsApp-Image-2025-05-07-at-13.40.19-600x745.jpeg 600w, https:\/\/centrotrilingue.edu.mx\/wp-content\/uploads\/2025\/05\/WhatsApp-Image-2025-05-07-at-13.40.19.jpeg 1289w\" sizes=\"(max-width: 825px) 100vw, 825px\" \/><\/figure><div class=\"wp-block-media-text__content\">\n<hr class=\"wp-block-separator has-alpha-channel-opacity\"\/>\n\n\n\n<p class=\"has-text-align-center\">El 2 de mayo es&nbsp;<strong>el<\/strong>&nbsp;<strong>d\u00eda Mundial Contra el Acoso Escolar<\/strong>, un grave problema que afecta a millones de escolares de&nbsp;<a href=\"https:\/\/es.wikipedia.org\/wiki\/Educaci%C3%B3n_primaria\">Educaci\u00f3n Primaria<\/a>&nbsp;y&nbsp;<a href=\"https:\/\/es.wikipedia.org\/wiki\/Educaci%C3%B3n_secundaria\">Educaci\u00f3n secundaria<\/a>&nbsp;en todo el mundo y que causa al menos 200 muertes en forma directa cada a\u00f1o. Esta iniciativa, nacida en el a\u00f1o 2013 a partir de la presentaci\u00f3n del Dr. Javier Miglino, fundador de la ONG Bullying Sin Fronteras, fue aprobada por la&nbsp;<a href=\"https:\/\/es.wikipedia.org\/wiki\/Unesco\">Unesco<\/a>&nbsp;el mismo a\u00f1o con el fin de ayudar a la concienciaci\u00f3n de este problema. Posteriormente, fue reconocido oficialmente por el&nbsp;<a href=\"https:\/\/es.wikipedia.org\/wiki\/Cortes_Generales\">Parlamento Espa\u00f1ol<\/a>,\u200bel&nbsp;<a href=\"https:\/\/es.wikipedia.org\/wiki\/Senado_de_la_Naci%C3%B3n_Argentina\">Senado Argentino<\/a>\u200by el&nbsp;<a href=\"https:\/\/es.wikipedia.org\/wiki\/Asamblea_General_de_Uruguay\">Parlamento Uruguayo<\/a>.<\/p>\n<\/div><\/div>\n\n\n\n<hr class=\"wp-block-separator has-alpha-channel-opacity\"\/>\n\n\n\n<div class=\"wp-block-media-text is-stacked-on-mobile\"><figure class=\"wp-block-media-text__media\"><img decoding=\"async\" width=\"819\" height=\"1024\" src=\"https:\/\/centrotrilingue.edu.mx\/wp-content\/uploads\/2025\/05\/WhatsApp-Image-2025-05-07-at-13.40.19-1-819x1024.jpeg\" alt=\"\" class=\"wp-image-1355 size-full\" srcset=\"https:\/\/centrotrilingue.edu.mx\/wp-content\/uploads\/2025\/05\/WhatsApp-Image-2025-05-07-at-13.40.19-1-819x1024.jpeg 819w, https:\/\/centrotrilingue.edu.mx\/wp-content\/uploads\/2025\/05\/WhatsApp-Image-2025-05-07-at-13.40.19-1-240x300.jpeg 240w, https:\/\/centrotrilingue.edu.mx\/wp-content\/uploads\/2025\/05\/WhatsApp-Image-2025-05-07-at-13.40.19-1-768x960.jpeg 768w, https:\/\/centrotrilingue.edu.mx\/wp-content\/uploads\/2025\/05\/WhatsApp-Image-2025-05-07-at-13.40.19-1-1229x1536.jpeg 1229w, https:\/\/centrotrilingue.edu.mx\/wp-content\/uploads\/2025\/05\/WhatsApp-Image-2025-05-07-at-13.40.19-1-600x750.jpeg 600w, https:\/\/centrotrilingue.edu.mx\/wp-content\/uploads\/2025\/05\/WhatsApp-Image-2025-05-07-at-13.40.19-1.jpeg 1280w\" sizes=\"(max-width: 819px) 100vw, 819px\" \/><\/figure><div class=\"wp-block-media-text__content\">\n<hr class=\"wp-block-separator has-alpha-channel-opacity\"\/>\n\n\n\n<p class=\"has-text-align-center\">Cada&nbsp;<strong>4 de mayo<\/strong>&nbsp;se celebra el D\u00eda Mundial de la Risa, una fecha creada en 1998 por el m\u00e9dico indio <strong>Madan Kataria<\/strong>, fundador del movimiento de Yoga de la Risa, que mezcla respiraci\u00f3n profunda con risas simuladas que, en grupo, suelen transformarse en carcajadas genuinas y beneficios reales..<\/p>\n<\/div><\/div>\n\n\n\n<hr class=\"wp-block-separator has-alpha-channel-opacity\"\/>\n\n\n\n<div class=\"wp-block-media-text is-stacked-on-mobile\"><figure class=\"wp-block-media-text__media\"><img loading=\"lazy\" decoding=\"async\" width=\"825\" height=\"1024\" src=\"https:\/\/centrotrilingue.edu.mx\/wp-content\/uploads\/2025\/05\/WhatsApp-Image-2025-05-07-at-13.40.19-2-825x1024.jpeg\" alt=\"\" class=\"wp-image-1356 size-full\" srcset=\"https:\/\/centrotrilingue.edu.mx\/wp-content\/uploads\/2025\/05\/WhatsApp-Image-2025-05-07-at-13.40.19-2-825x1024.jpeg 825w, https:\/\/centrotrilingue.edu.mx\/wp-content\/uploads\/2025\/05\/WhatsApp-Image-2025-05-07-at-13.40.19-2-242x300.jpeg 242w, https:\/\/centrotrilingue.edu.mx\/wp-content\/uploads\/2025\/05\/WhatsApp-Image-2025-05-07-at-13.40.19-2-768x953.jpeg 768w, https:\/\/centrotrilingue.edu.mx\/wp-content\/uploads\/2025\/05\/WhatsApp-Image-2025-05-07-at-13.40.19-2-1237x1536.jpeg 1237w, https:\/\/centrotrilingue.edu.mx\/wp-content\/uploads\/2025\/05\/WhatsApp-Image-2025-05-07-at-13.40.19-2-600x745.jpeg 600w, https:\/\/centrotrilingue.edu.mx\/wp-content\/uploads\/2025\/05\/WhatsApp-Image-2025-05-07-at-13.40.19-2.jpeg 1289w\" sizes=\"(max-width: 825px) 100vw, 825px\" \/><\/figure><div class=\"wp-block-media-text__content\">\n<hr class=\"wp-block-separator has-alpha-channel-opacity\"\/>\n\n\n\n<p class=\"has-text-align-center\">Cada&nbsp;<strong>5 de mayo<\/strong>&nbsp;se conmemora la \u201c<strong>Batalla de Puebla<\/strong>\u201d, acontecida en el a\u00f1o de 1862, en las cercan\u00edas de dicha ciudad. Se trat\u00f3 de un combate b\u00e9lico entre los ej\u00e9rcitos de M\u00e9xico, al mando de Ignacio Zaragoza, y del Segundo Imperio Franc\u00e9s, comandados por Charles Ferdinand Latrille.<\/p>\n<\/div><\/div>\n\n\n\n<hr class=\"wp-block-separator has-alpha-channel-opacity\"\/>\n\n\n\n<div class=\"wp-block-columns is-layout-flex wp-container-core-columns-is-layout-9d6595d7 wp-block-columns-is-layout-flex\">\n<div class=\"wp-block-column is-layout-flow wp-block-column-is-layout-flow\">\n<figure class=\"wp-block-image size-large\"><img loading=\"lazy\" decoding=\"async\" width=\"819\" height=\"1024\" src=\"https:\/\/centrotrilingue.edu.mx\/wp-content\/uploads\/2025\/05\/WhatsApp-Image-2025-05-07-at-13.40.19-3-1-819x1024.jpeg\" alt=\"\" class=\"wp-image-1360\" srcset=\"https:\/\/centrotrilingue.edu.mx\/wp-content\/uploads\/2025\/05\/WhatsApp-Image-2025-05-07-at-13.40.19-3-1-819x1024.jpeg 819w, https:\/\/centrotrilingue.edu.mx\/wp-content\/uploads\/2025\/05\/WhatsApp-Image-2025-05-07-at-13.40.19-3-1-240x300.jpeg 240w, https:\/\/centrotrilingue.edu.mx\/wp-content\/uploads\/2025\/05\/WhatsApp-Image-2025-05-07-at-13.40.19-3-1-768x960.jpeg 768w, https:\/\/centrotrilingue.edu.mx\/wp-content\/uploads\/2025\/05\/WhatsApp-Image-2025-05-07-at-13.40.19-3-1-1229x1536.jpeg 1229w, https:\/\/centrotrilingue.edu.mx\/wp-content\/uploads\/2025\/05\/WhatsApp-Image-2025-05-07-at-13.40.19-3-1-600x750.jpeg 600w, https:\/\/centrotrilingue.edu.mx\/wp-content\/uploads\/2025\/05\/WhatsApp-Image-2025-05-07-at-13.40.19-3-1.jpeg 1280w\" sizes=\"(max-width: 819px) 100vw, 819px\" \/><\/figure>\n\n\n\n<p class=\"has-text-align-center\">El 8 de mayo de 1753\u00a0naci\u00f3 <strong>Miguel Hidalgo y Costilla<\/strong>, un sacerdote y militar mexicano que es considerado uno de los principales l\u00edderes de la Guerra de Independencia de M\u00e9xico.\u00a0Se le conoce como el \u00ab<strong>Padre de la Patria\u00bb<\/strong> por haber iniciado el movimiento independentista con el <strong>\u00abGrito de Dolores\u00bb.\u00a0<\/strong><\/p>\n<\/div>\n\n\n\n<div class=\"wp-block-column is-layout-flow wp-block-column-is-layout-flow\">\n<figure class=\"wp-block-image size-large\"><img loading=\"lazy\" decoding=\"async\" width=\"825\" height=\"1024\" src=\"https:\/\/centrotrilingue.edu.mx\/wp-content\/uploads\/2025\/05\/WhatsApp-Image-2025-05-07-at-13.40.20-1-825x1024.jpeg\" alt=\"\" class=\"wp-image-1359\" srcset=\"https:\/\/centrotrilingue.edu.mx\/wp-content\/uploads\/2025\/05\/WhatsApp-Image-2025-05-07-at-13.40.20-1-825x1024.jpeg 825w, https:\/\/centrotrilingue.edu.mx\/wp-content\/uploads\/2025\/05\/WhatsApp-Image-2025-05-07-at-13.40.20-1-242x300.jpeg 242w, https:\/\/centrotrilingue.edu.mx\/wp-content\/uploads\/2025\/05\/WhatsApp-Image-2025-05-07-at-13.40.20-1-768x953.jpeg 768w, https:\/\/centrotrilingue.edu.mx\/wp-content\/uploads\/2025\/05\/WhatsApp-Image-2025-05-07-at-13.40.20-1-1237x1536.jpeg 1237w, https:\/\/centrotrilingue.edu.mx\/wp-content\/uploads\/2025\/05\/WhatsApp-Image-2025-05-07-at-13.40.20-1-600x745.jpeg 600w, https:\/\/centrotrilingue.edu.mx\/wp-content\/uploads\/2025\/05\/WhatsApp-Image-2025-05-07-at-13.40.20-1.jpeg 1289w\" sizes=\"(max-width: 825px) 100vw, 825px\" \/><\/figure>\n\n\n\n<p class=\"has-text-align-center\">El <strong>D\u00eda Mundial de la Cruz Roja <\/strong>y de la Media Luna Roja es una jornada que se celebra anualmente el <strong>8 de mayo desde 1948 <\/strong>con denominaci\u00f3n de la Cruz Roja y desde 1984 usando su nombre actual. Fue <strong>establecida por la Federaci\u00f3n Internacional de Sociedades de la Cruz Roja y de la Media Luna Roja.<\/strong><\/p>\n<\/div>\n<\/div>\n\n\n\n<hr class=\"wp-block-separator has-alpha-channel-opacity\"\/>\n\n\n\n<div class=\"wp-block-media-text is-stacked-on-mobile\"><figure class=\"wp-block-media-text__media\"><img loading=\"lazy\" decoding=\"async\" width=\"819\" height=\"1024\" src=\"https:\/\/centrotrilingue.edu.mx\/wp-content\/uploads\/2025\/05\/WhatsApp-Image-2025-05-07-at-13.40.17-819x1024.jpeg\" alt=\"\" class=\"wp-image-1361 size-full\" srcset=\"https:\/\/centrotrilingue.edu.mx\/wp-content\/uploads\/2025\/05\/WhatsApp-Image-2025-05-07-at-13.40.17-819x1024.jpeg 819w, https:\/\/centrotrilingue.edu.mx\/wp-content\/uploads\/2025\/05\/WhatsApp-Image-2025-05-07-at-13.40.17-240x300.jpeg 240w, https:\/\/centrotrilingue.edu.mx\/wp-content\/uploads\/2025\/05\/WhatsApp-Image-2025-05-07-at-13.40.17-768x960.jpeg 768w, https:\/\/centrotrilingue.edu.mx\/wp-content\/uploads\/2025\/05\/WhatsApp-Image-2025-05-07-at-13.40.17-1229x1536.jpeg 1229w, https:\/\/centrotrilingue.edu.mx\/wp-content\/uploads\/2025\/05\/WhatsApp-Image-2025-05-07-at-13.40.17-600x750.jpeg 600w, https:\/\/centrotrilingue.edu.mx\/wp-content\/uploads\/2025\/05\/WhatsApp-Image-2025-05-07-at-13.40.17.jpeg 1280w\" sizes=\"(max-width: 819px) 100vw, 819px\" \/><\/figure><div class=\"wp-block-media-text__content\">\n<hr class=\"wp-block-separator has-alpha-channel-opacity\"\/>\n\n\n\n<p class=\"has-text-align-center\">El D\u00eda Internacional de las Mujeres en Matem\u00e1ticas se celebra el&nbsp;<mark>12 de mayo<\/mark>.&nbsp;Esta fecha fue elegida en honor a la matem\u00e1tica iran\u00ed <em><strong>Maryam Mirzakhani,<\/strong><\/em> la primera mujer en recibir la <em><strong>Medalla Fields<\/strong><\/em>.&nbsp;Este d\u00eda se celebra para reconocer la contribuci\u00f3n de las mujeres a la matem\u00e1tica y para promover la participaci\u00f3n de las mujeres en la ciencia y la tecnolog\u00eda.&nbsp;<\/p>\n<\/div><\/div>\n\n\n\n<hr class=\"wp-block-separator has-alpha-channel-opacity\"\/>\n\n\n\n<p class=\"has-text-align-center\"><strong><em>EDUCACI\u00d3N SUSTENTADA EN VALORES<\/em><\/strong><\/p>\n","protected":false},"excerpt":{"rendered":"<p>&hellip;<\/p>\n","protected":false},"author":3,"featured_media":0,"parent":0,"menu_order":0,"comment_status":"closed","ping_status":"closed","template":"","meta":{"footnotes":""},"class_list":["post-1245","page","type-page","status-publish","hentry"],"yoast_head":"<!-- This site is optimized with the Yoast SEO plugin v27.4 - https:\/\/yoast.com\/product\/yoast-seo-wordpress\/ -->\n<title>Efem\u00e9rides de Mayo - CENTRO UNIVERSITARIO TRILINGUE<\/title>\n<meta name=\"robots\" content=\"index, follow, max-snippet:-1, max-image-preview:large, max-video-preview:-1\" \/>\n<link rel=\"canonical\" href=\"https:\/\/centrotrilingue.edu.mx\/efemerides-de-marzo\/\" \/>\n<meta property=\"og:locale\" content=\"es_ES\" \/>\n<meta property=\"og:type\" content=\"article\" \/>\n<meta property=\"og:title\" content=\"Efem\u00e9rides de Mayo - CENTRO UNIVERSITARIO TRILINGUE\" \/>\n<meta property=\"og:description\" content=\"&hellip;\" \/>\n<meta property=\"og:url\" content=\"https:\/\/centrotrilingue.edu.mx\/efemerides-de-marzo\/\" \/>\n<meta property=\"og:site_name\" content=\"CENTRO UNIVERSITARIO TRILINGUE\" \/>\n<meta property=\"article:publisher\" content=\"https:\/\/www.facebook.com\/centrotrilingue\/\" \/>\n<meta property=\"article:modified_time\" content=\"2025-05-07T19:51:29+00:00\" \/>\n<meta property=\"og:image\" content=\"https:\/\/centrotrilingue.edu.mx\/wp-content\/uploads\/2025\/05\/WhatsApp-Image-2025-05-07-at-13.40.18-819x1024.jpeg\" \/>\n<meta name=\"twitter:card\" content=\"summary_large_image\" \/>\n<meta name=\"twitter:site\" content=\"@CTrilingue\" \/>\n<meta name=\"twitter:label1\" content=\"Tiempo de lectura\" \/>\n\t<meta name=\"twitter:data1\" content=\"2 minutos\" \/>\n<script type=\"application\/ld+json\" class=\"yoast-schema-graph\">{\"@context\":\"https:\\\/\\\/schema.org\",\"@graph\":[{\"@type\":\"WebPage\",\"@id\":\"https:\\\/\\\/centrotrilingue.edu.mx\\\/efemerides-de-marzo\\\/\",\"url\":\"https:\\\/\\\/centrotrilingue.edu.mx\\\/efemerides-de-marzo\\\/\",\"name\":\"Efem\u00e9rides de Mayo - CENTRO UNIVERSITARIO TRILINGUE\",\"isPartOf\":{\"@id\":\"https:\\\/\\\/centrotrilingue.edu.mx\\\/#website\"},\"primaryImageOfPage\":{\"@id\":\"https:\\\/\\\/centrotrilingue.edu.mx\\\/efemerides-de-marzo\\\/#primaryimage\"},\"image\":{\"@id\":\"https:\\\/\\\/centrotrilingue.edu.mx\\\/efemerides-de-marzo\\\/#primaryimage\"},\"thumbnailUrl\":\"https:\\\/\\\/centrotrilingue.edu.mx\\\/wp-content\\\/uploads\\\/2025\\\/05\\\/WhatsApp-Image-2025-05-07-at-13.40.18-819x1024.jpeg\",\"datePublished\":\"2025-04-14T17:45:50+00:00\",\"dateModified\":\"2025-05-07T19:51:29+00:00\",\"breadcrumb\":{\"@id\":\"https:\\\/\\\/centrotrilingue.edu.mx\\\/efemerides-de-marzo\\\/#breadcrumb\"},\"inLanguage\":\"es\",\"potentialAction\":[{\"@type\":\"ReadAction\",\"target\":[\"https:\\\/\\\/centrotrilingue.edu.mx\\\/efemerides-de-marzo\\\/\"]}]},{\"@type\":\"ImageObject\",\"inLanguage\":\"es\",\"@id\":\"https:\\\/\\\/centrotrilingue.edu.mx\\\/efemerides-de-marzo\\\/#primaryimage\",\"url\":\"https:\\\/\\\/centrotrilingue.edu.mx\\\/wp-content\\\/uploads\\\/2025\\\/05\\\/WhatsApp-Image-2025-05-07-at-13.40.18.jpeg\",\"contentUrl\":\"https:\\\/\\\/centrotrilingue.edu.mx\\\/wp-content\\\/uploads\\\/2025\\\/05\\\/WhatsApp-Image-2025-05-07-at-13.40.18.jpeg\",\"width\":1280,\"height\":1600},{\"@type\":\"BreadcrumbList\",\"@id\":\"https:\\\/\\\/centrotrilingue.edu.mx\\\/efemerides-de-marzo\\\/#breadcrumb\",\"itemListElement\":[{\"@type\":\"ListItem\",\"position\":1,\"name\":\"Portada\",\"item\":\"https:\\\/\\\/centrotrilingue.edu.mx\\\/\"},{\"@type\":\"ListItem\",\"position\":2,\"name\":\"Efem\u00e9rides de Mayo\"}]},{\"@type\":\"WebSite\",\"@id\":\"https:\\\/\\\/centrotrilingue.edu.mx\\\/#website\",\"url\":\"https:\\\/\\\/centrotrilingue.edu.mx\\\/\",\"name\":\"CENTRO UNIVERSITARIO TRILINGUE\",\"description\":\"\",\"publisher\":{\"@id\":\"https:\\\/\\\/centrotrilingue.edu.mx\\\/#organization\"},\"potentialAction\":[{\"@type\":\"SearchAction\",\"target\":{\"@type\":\"EntryPoint\",\"urlTemplate\":\"https:\\\/\\\/centrotrilingue.edu.mx\\\/?s={search_term_string}\"},\"query-input\":{\"@type\":\"PropertyValueSpecification\",\"valueRequired\":true,\"valueName\":\"search_term_string\"}}],\"inLanguage\":\"es\"},{\"@type\":\"Organization\",\"@id\":\"https:\\\/\\\/centrotrilingue.edu.mx\\\/#organization\",\"name\":\"CENTRO UNIVERSITARIO TRILINGUE\",\"url\":\"https:\\\/\\\/centrotrilingue.edu.mx\\\/\",\"logo\":{\"@type\":\"ImageObject\",\"inLanguage\":\"es\",\"@id\":\"https:\\\/\\\/centrotrilingue.edu.mx\\\/#\\\/schema\\\/logo\\\/image\\\/\",\"url\":\"https:\\\/\\\/centrotrilingue.edu.mx\\\/wp-content\\\/uploads\\\/2026\\\/04\\\/cropped-logo-26.png\",\"contentUrl\":\"https:\\\/\\\/centrotrilingue.edu.mx\\\/wp-content\\\/uploads\\\/2026\\\/04\\\/cropped-logo-26.png\",\"width\":1208,\"height\":206,\"caption\":\"CENTRO UNIVERSITARIO TRILINGUE\"},\"image\":{\"@id\":\"https:\\\/\\\/centrotrilingue.edu.mx\\\/#\\\/schema\\\/logo\\\/image\\\/\"},\"sameAs\":[\"https:\\\/\\\/www.facebook.com\\\/centrotrilingue\\\/\",\"https:\\\/\\\/x.com\\\/CTrilingue\",\"https:\\\/\\\/www.tiktok.com\\\/@centrotrilingue\",\"https:\\\/\\\/www.instagram.com\\\/centro_trilingue\\\/\"]}]}<\/script>\n<!-- \/ Yoast SEO plugin. -->","yoast_head_json":{"title":"Efem\u00e9rides de Mayo - CENTRO UNIVERSITARIO TRILINGUE","robots":{"index":"index","follow":"follow","max-snippet":"max-snippet:-1","max-image-preview":"max-image-preview:large","max-video-preview":"max-video-preview:-1"},"canonical":"https:\/\/centrotrilingue.edu.mx\/efemerides-de-marzo\/","og_locale":"es_ES","og_type":"article","og_title":"Efem\u00e9rides de Mayo - CENTRO UNIVERSITARIO TRILINGUE","og_description":"&hellip;","og_url":"https:\/\/centrotrilingue.edu.mx\/efemerides-de-marzo\/","og_site_name":"CENTRO UNIVERSITARIO TRILINGUE","article_publisher":"https:\/\/www.facebook.com\/centrotrilingue\/","article_modified_time":"2025-05-07T19:51:29+00:00","og_image":[{"url":"https:\/\/centrotrilingue.edu.mx\/wp-content\/uploads\/2025\/05\/WhatsApp-Image-2025-05-07-at-13.40.18-819x1024.jpeg","type":"","width":"","height":""}],"twitter_card":"summary_large_image","twitter_site":"@CTrilingue","twitter_misc":{"Tiempo de lectura":"2 minutos"},"schema":{"@context":"https:\/\/schema.org","@graph":[{"@type":"WebPage","@id":"https:\/\/centrotrilingue.edu.mx\/efemerides-de-marzo\/","url":"https:\/\/centrotrilingue.edu.mx\/efemerides-de-marzo\/","name":"Efem\u00e9rides de Mayo - CENTRO UNIVERSITARIO TRILINGUE","isPartOf":{"@id":"https:\/\/centrotrilingue.edu.mx\/#website"},"primaryImageOfPage":{"@id":"https:\/\/centrotrilingue.edu.mx\/efemerides-de-marzo\/#primaryimage"},"image":{"@id":"https:\/\/centrotrilingue.edu.mx\/efemerides-de-marzo\/#primaryimage"},"thumbnailUrl":"https:\/\/centrotrilingue.edu.mx\/wp-content\/uploads\/2025\/05\/WhatsApp-Image-2025-05-07-at-13.40.18-819x1024.jpeg","datePublished":"2025-04-14T17:45:50+00:00","dateModified":"2025-05-07T19:51:29+00:00","breadcrumb":{"@id":"https:\/\/centrotrilingue.edu.mx\/efemerides-de-marzo\/#breadcrumb"},"inLanguage":"es","potentialAction":[{"@type":"ReadAction","target":["https:\/\/centrotrilingue.edu.mx\/efemerides-de-marzo\/"]}]},{"@type":"ImageObject","inLanguage":"es","@id":"https:\/\/centrotrilingue.edu.mx\/efemerides-de-marzo\/#primaryimage","url":"https:\/\/centrotrilingue.edu.mx\/wp-content\/uploads\/2025\/05\/WhatsApp-Image-2025-05-07-at-13.40.18.jpeg","contentUrl":"https:\/\/centrotrilingue.edu.mx\/wp-content\/uploads\/2025\/05\/WhatsApp-Image-2025-05-07-at-13.40.18.jpeg","width":1280,"height":1600},{"@type":"BreadcrumbList","@id":"https:\/\/centrotrilingue.edu.mx\/efemerides-de-marzo\/#breadcrumb","itemListElement":[{"@type":"ListItem","position":1,"name":"Portada","item":"https:\/\/centrotrilingue.edu.mx\/"},{"@type":"ListItem","position":2,"name":"Efem\u00e9rides de Mayo"}]},{"@type":"WebSite","@id":"https:\/\/centrotrilingue.edu.mx\/#website","url":"https:\/\/centrotrilingue.edu.mx\/","name":"CENTRO UNIVERSITARIO TRILINGUE","description":"","publisher":{"@id":"https:\/\/centrotrilingue.edu.mx\/#organization"},"potentialAction":[{"@type":"SearchAction","target":{"@type":"EntryPoint","urlTemplate":"https:\/\/centrotrilingue.edu.mx\/?s={search_term_string}"},"query-input":{"@type":"PropertyValueSpecification","valueRequired":true,"valueName":"search_term_string"}}],"inLanguage":"es"},{"@type":"Organization","@id":"https:\/\/centrotrilingue.edu.mx\/#organization","name":"CENTRO UNIVERSITARIO TRILINGUE","url":"https:\/\/centrotrilingue.edu.mx\/","logo":{"@type":"ImageObject","inLanguage":"es","@id":"https:\/\/centrotrilingue.edu.mx\/#\/schema\/logo\/image\/","url":"https:\/\/centrotrilingue.edu.mx\/wp-content\/uploads\/2026\/04\/cropped-logo-26.png","contentUrl":"https:\/\/centrotrilingue.edu.mx\/wp-content\/uploads\/2026\/04\/cropped-logo-26.png","width":1208,"height":206,"caption":"CENTRO UNIVERSITARIO TRILINGUE"},"image":{"@id":"https:\/\/centrotrilingue.edu.mx\/#\/schema\/logo\/image\/"},"sameAs":["https:\/\/www.facebook.com\/centrotrilingue\/","https:\/\/x.com\/CTrilingue","https:\/\/www.tiktok.com\/@centrotrilingue","https:\/\/www.instagram.com\/centro_trilingue\/"]}]}},"jetpack_sharing_enabled":true,"_links":{"self":[{"href":"https:\/\/centrotrilingue.edu.mx\/wp-json\/wp\/v2\/pages\/1245","targetHints":{"allow":["GET"]}}],"collection":[{"href":"https:\/\/centrotrilingue.edu.mx\/wp-json\/wp\/v2\/pages"}],"about":[{"href":"https:\/\/centrotrilingue.edu.mx\/wp-json\/wp\/v2\/types\/page"}],"author":[{"embeddable":true,"href":"https:\/\/centrotrilingue.edu.mx\/wp-json\/wp\/v2\/users\/3"}],"replies":[{"embeddable":true,"href":"https:\/\/centrotrilingue.edu.mx\/wp-json\/wp\/v2\/comments?post=1245"}],"version-history":[{"count":27,"href":"https:\/\/centrotrilingue.edu.mx\/wp-json\/wp\/v2\/pages\/1245\/revisions"}],"predecessor-version":[{"id":1757,"href":"https:\/\/centrotrilingue.edu.mx\/wp-json\/wp\/v2\/pages\/1245\/revisions\/1757"}],"wp:attachment":[{"href":"https:\/\/centrotrilingue.edu.mx\/wp-json\/wp\/v2\/media?parent=1245"}],"curies":[{"name":"wp","href":"https:\/\/api.w.org\/{rel}","templated":true}]}}