{"id":1322,"date":"2025-04-14T13:58:48","date_gmt":"2025-04-14T19:58:48","guid":{"rendered":"https:\/\/centrotrilingue.edu.mx\/?page_id=1322"},"modified":"2025-04-29T12:19:30","modified_gmt":"2025-04-29T18:19:30","slug":"felices-vacaciones-leones","status":"publish","type":"page","link":"https:\/\/centrotrilingue.edu.mx\/felices-vacaciones-leones\/","title":{"rendered":"\u00a1Feliz Regreso a Clases Leonas y Leones!"},"content":{"rendered":"\n<p><strong><em>\u00a1<\/em><\/strong><em><strong>Bienvenidos de nuevo, valientes leonas y leones! <\/strong>El Centro Universitario Triling\u00fce les da la m\u00e1s cordial bienvenida a un nuevo semestre<strong> lleno de oportunidades, aprendizaje y crecimiento.<\/strong> Prep\u00e1rense para un a\u00f1o acad\u00e9mico emocionante y desafiante, donde podr\u00e1n expandir sus conocimientos, fortalecer sus habilidades y conectar con una comunidad vibrante y apasionada por el aprendizaje.<strong> \u00a1Que este semestre sea el mejor hasta ahora! \u00a1\u00c9xito en sus estudios!<\/strong><\/em><\/p>\n\n\n\n<p class=\"has-text-align-center\"><strong><em>\u00a1Hasta pronto!<\/em><\/strong><\/p>\n\n\n\n<figure class=\"wp-block-image size-large\"><img fetchpriority=\"high\" decoding=\"async\" width=\"1024\" height=\"1024\" src=\"https:\/\/centrotrilingue.edu.mx\/wp-content\/uploads\/2025\/04\/WhatsApp-Image-2025-04-28-at-11.54.16-1024x1024.jpeg\" alt=\"\" class=\"wp-image-1345\" srcset=\"https:\/\/centrotrilingue.edu.mx\/wp-content\/uploads\/2025\/04\/WhatsApp-Image-2025-04-28-at-11.54.16-1024x1024.jpeg 1024w, https:\/\/centrotrilingue.edu.mx\/wp-content\/uploads\/2025\/04\/WhatsApp-Image-2025-04-28-at-11.54.16-300x300.jpeg 300w, https:\/\/centrotrilingue.edu.mx\/wp-content\/uploads\/2025\/04\/WhatsApp-Image-2025-04-28-at-11.54.16-150x150.jpeg 150w, https:\/\/centrotrilingue.edu.mx\/wp-content\/uploads\/2025\/04\/WhatsApp-Image-2025-04-28-at-11.54.16-768x768.jpeg 768w, https:\/\/centrotrilingue.edu.mx\/wp-content\/uploads\/2025\/04\/WhatsApp-Image-2025-04-28-at-11.54.16-1536x1536.jpeg 1536w, https:\/\/centrotrilingue.edu.mx\/wp-content\/uploads\/2025\/04\/WhatsApp-Image-2025-04-28-at-11.54.16-600x600.jpeg 600w, https:\/\/centrotrilingue.edu.mx\/wp-content\/uploads\/2025\/04\/WhatsApp-Image-2025-04-28-at-11.54.16-100x100.jpeg 100w, https:\/\/centrotrilingue.edu.mx\/wp-content\/uploads\/2025\/04\/WhatsApp-Image-2025-04-28-at-11.54.16.jpeg 1600w\" sizes=\"(max-width: 1024px) 100vw, 1024px\" \/><\/figure>\n","protected":false},"excerpt":{"rendered":"<p>&hellip;<\/p>\n","protected":false},"author":3,"featured_media":0,"parent":0,"menu_order":0,"comment_status":"closed","ping_status":"closed","template":"","meta":{"footnotes":""},"class_list":["post-1322","page","type-page","status-publish","hentry"],"yoast_head":"<!-- This site is optimized with the Yoast SEO plugin v27.4 - https:\/\/yoast.com\/product\/yoast-seo-wordpress\/ -->\n<title>\u00a1Feliz Regreso a Clases Leonas y Leones! - CENTRO UNIVERSITARIO TRILINGUE<\/title>\n<meta name=\"robots\" content=\"index, follow, max-snippet:-1, max-image-preview:large, max-video-preview:-1\" \/>\n<link rel=\"canonical\" href=\"https:\/\/centrotrilingue.edu.mx\/felices-vacaciones-leones\/\" \/>\n<meta property=\"og:locale\" content=\"es_ES\" \/>\n<meta property=\"og:type\" content=\"article\" \/>\n<meta property=\"og:title\" content=\"\u00a1Feliz Regreso a Clases Leonas y Leones! - CENTRO UNIVERSITARIO TRILINGUE\" \/>\n<meta property=\"og:description\" content=\"&hellip;\" \/>\n<meta property=\"og:url\" content=\"https:\/\/centrotrilingue.edu.mx\/felices-vacaciones-leones\/\" \/>\n<meta property=\"og:site_name\" content=\"CENTRO UNIVERSITARIO TRILINGUE\" \/>\n<meta property=\"article:publisher\" content=\"https:\/\/www.facebook.com\/centrotrilingue\/\" \/>\n<meta property=\"article:modified_time\" content=\"2025-04-29T18:19:30+00:00\" \/>\n<meta property=\"og:image\" content=\"https:\/\/centrotrilingue.edu.mx\/wp-content\/uploads\/2025\/04\/WhatsApp-Image-2025-04-28-at-11.54.16-1024x1024.jpeg\" \/>\n<meta name=\"twitter:card\" content=\"summary_large_image\" \/>\n<meta name=\"twitter:site\" content=\"@CTrilingue\" \/>\n<script type=\"application\/ld+json\" class=\"yoast-schema-graph\">{\"@context\":\"https:\\\/\\\/schema.org\",\"@graph\":[{\"@type\":\"WebPage\",\"@id\":\"https:\\\/\\\/centrotrilingue.edu.mx\\\/felices-vacaciones-leones\\\/\",\"url\":\"https:\\\/\\\/centrotrilingue.edu.mx\\\/felices-vacaciones-leones\\\/\",\"name\":\"\u00a1Feliz Regreso a Clases Leonas y Leones! - CENTRO UNIVERSITARIO TRILINGUE\",\"isPartOf\":{\"@id\":\"https:\\\/\\\/centrotrilingue.edu.mx\\\/#website\"},\"primaryImageOfPage\":{\"@id\":\"https:\\\/\\\/centrotrilingue.edu.mx\\\/felices-vacaciones-leones\\\/#primaryimage\"},\"image\":{\"@id\":\"https:\\\/\\\/centrotrilingue.edu.mx\\\/felices-vacaciones-leones\\\/#primaryimage\"},\"thumbnailUrl\":\"https:\\\/\\\/centrotrilingue.edu.mx\\\/wp-content\\\/uploads\\\/2025\\\/04\\\/WhatsApp-Image-2025-04-28-at-11.54.16-1024x1024.jpeg\",\"datePublished\":\"2025-04-14T19:58:48+00:00\",\"dateModified\":\"2025-04-29T18:19:30+00:00\",\"breadcrumb\":{\"@id\":\"https:\\\/\\\/centrotrilingue.edu.mx\\\/felices-vacaciones-leones\\\/#breadcrumb\"},\"inLanguage\":\"es\",\"potentialAction\":[{\"@type\":\"ReadAction\",\"target\":[\"https:\\\/\\\/centrotrilingue.edu.mx\\\/felices-vacaciones-leones\\\/\"]}]},{\"@type\":\"ImageObject\",\"inLanguage\":\"es\",\"@id\":\"https:\\\/\\\/centrotrilingue.edu.mx\\\/felices-vacaciones-leones\\\/#primaryimage\",\"url\":\"https:\\\/\\\/centrotrilingue.edu.mx\\\/wp-content\\\/uploads\\\/2025\\\/04\\\/WhatsApp-Image-2025-04-28-at-11.54.16.jpeg\",\"contentUrl\":\"https:\\\/\\\/centrotrilingue.edu.mx\\\/wp-content\\\/uploads\\\/2025\\\/04\\\/WhatsApp-Image-2025-04-28-at-11.54.16.jpeg\",\"width\":1600,\"height\":1600},{\"@type\":\"BreadcrumbList\",\"@id\":\"https:\\\/\\\/centrotrilingue.edu.mx\\\/felices-vacaciones-leones\\\/#breadcrumb\",\"itemListElement\":[{\"@type\":\"ListItem\",\"position\":1,\"name\":\"Portada\",\"item\":\"https:\\\/\\\/centrotrilingue.edu.mx\\\/\"},{\"@type\":\"ListItem\",\"position\":2,\"name\":\"\u00a1Feliz Regreso a Clases Leonas y Leones!\"}]},{\"@type\":\"WebSite\",\"@id\":\"https:\\\/\\\/centrotrilingue.edu.mx\\\/#website\",\"url\":\"https:\\\/\\\/centrotrilingue.edu.mx\\\/\",\"name\":\"CENTRO UNIVERSITARIO TRILINGUE\",\"description\":\"\",\"publisher\":{\"@id\":\"https:\\\/\\\/centrotrilingue.edu.mx\\\/#organization\"},\"potentialAction\":[{\"@type\":\"SearchAction\",\"target\":{\"@type\":\"EntryPoint\",\"urlTemplate\":\"https:\\\/\\\/centrotrilingue.edu.mx\\\/?s={search_term_string}\"},\"query-input\":{\"@type\":\"PropertyValueSpecification\",\"valueRequired\":true,\"valueName\":\"search_term_string\"}}],\"inLanguage\":\"es\"},{\"@type\":\"Organization\",\"@id\":\"https:\\\/\\\/centrotrilingue.edu.mx\\\/#organization\",\"name\":\"CENTRO UNIVERSITARIO TRILINGUE\",\"url\":\"https:\\\/\\\/centrotrilingue.edu.mx\\\/\",\"logo\":{\"@type\":\"ImageObject\",\"inLanguage\":\"es\",\"@id\":\"https:\\\/\\\/centrotrilingue.edu.mx\\\/#\\\/schema\\\/logo\\\/image\\\/\",\"url\":\"https:\\\/\\\/centrotrilingue.edu.mx\\\/wp-content\\\/uploads\\\/2026\\\/04\\\/cropped-logo-26.png\",\"contentUrl\":\"https:\\\/\\\/centrotrilingue.edu.mx\\\/wp-content\\\/uploads\\\/2026\\\/04\\\/cropped-logo-26.png\",\"width\":1208,\"height\":206,\"caption\":\"CENTRO UNIVERSITARIO TRILINGUE\"},\"image\":{\"@id\":\"https:\\\/\\\/centrotrilingue.edu.mx\\\/#\\\/schema\\\/logo\\\/image\\\/\"},\"sameAs\":[\"https:\\\/\\\/www.facebook.com\\\/centrotrilingue\\\/\",\"https:\\\/\\\/x.com\\\/CTrilingue\",\"https:\\\/\\\/www.tiktok.com\\\/@centrotrilingue\",\"https:\\\/\\\/www.instagram.com\\\/centro_trilingue\\\/\"]}]}<\/script>\n<!-- \/ Yoast SEO plugin. -->","yoast_head_json":{"title":"\u00a1Feliz Regreso a Clases Leonas y Leones! - CENTRO UNIVERSITARIO TRILINGUE","robots":{"index":"index","follow":"follow","max-snippet":"max-snippet:-1","max-image-preview":"max-image-preview:large","max-video-preview":"max-video-preview:-1"},"canonical":"https:\/\/centrotrilingue.edu.mx\/felices-vacaciones-leones\/","og_locale":"es_ES","og_type":"article","og_title":"\u00a1Feliz Regreso a Clases Leonas y Leones! - CENTRO UNIVERSITARIO TRILINGUE","og_description":"&hellip;","og_url":"https:\/\/centrotrilingue.edu.mx\/felices-vacaciones-leones\/","og_site_name":"CENTRO UNIVERSITARIO TRILINGUE","article_publisher":"https:\/\/www.facebook.com\/centrotrilingue\/","article_modified_time":"2025-04-29T18:19:30+00:00","og_image":[{"url":"https:\/\/centrotrilingue.edu.mx\/wp-content\/uploads\/2025\/04\/WhatsApp-Image-2025-04-28-at-11.54.16-1024x1024.jpeg","type":"","width":"","height":""}],"twitter_card":"summary_large_image","twitter_site":"@CTrilingue","schema":{"@context":"https:\/\/schema.org","@graph":[{"@type":"WebPage","@id":"https:\/\/centrotrilingue.edu.mx\/felices-vacaciones-leones\/","url":"https:\/\/centrotrilingue.edu.mx\/felices-vacaciones-leones\/","name":"\u00a1Feliz Regreso a Clases Leonas y Leones! - CENTRO UNIVERSITARIO TRILINGUE","isPartOf":{"@id":"https:\/\/centrotrilingue.edu.mx\/#website"},"primaryImageOfPage":{"@id":"https:\/\/centrotrilingue.edu.mx\/felices-vacaciones-leones\/#primaryimage"},"image":{"@id":"https:\/\/centrotrilingue.edu.mx\/felices-vacaciones-leones\/#primaryimage"},"thumbnailUrl":"https:\/\/centrotrilingue.edu.mx\/wp-content\/uploads\/2025\/04\/WhatsApp-Image-2025-04-28-at-11.54.16-1024x1024.jpeg","datePublished":"2025-04-14T19:58:48+00:00","dateModified":"2025-04-29T18:19:30+00:00","breadcrumb":{"@id":"https:\/\/centrotrilingue.edu.mx\/felices-vacaciones-leones\/#breadcrumb"},"inLanguage":"es","potentialAction":[{"@type":"ReadAction","target":["https:\/\/centrotrilingue.edu.mx\/felices-vacaciones-leones\/"]}]},{"@type":"ImageObject","inLanguage":"es","@id":"https:\/\/centrotrilingue.edu.mx\/felices-vacaciones-leones\/#primaryimage","url":"https:\/\/centrotrilingue.edu.mx\/wp-content\/uploads\/2025\/04\/WhatsApp-Image-2025-04-28-at-11.54.16.jpeg","contentUrl":"https:\/\/centrotrilingue.edu.mx\/wp-content\/uploads\/2025\/04\/WhatsApp-Image-2025-04-28-at-11.54.16.jpeg","width":1600,"height":1600},{"@type":"BreadcrumbList","@id":"https:\/\/centrotrilingue.edu.mx\/felices-vacaciones-leones\/#breadcrumb","itemListElement":[{"@type":"ListItem","position":1,"name":"Portada","item":"https:\/\/centrotrilingue.edu.mx\/"},{"@type":"ListItem","position":2,"name":"\u00a1Feliz Regreso a Clases Leonas y Leones!"}]},{"@type":"WebSite","@id":"https:\/\/centrotrilingue.edu.mx\/#website","url":"https:\/\/centrotrilingue.edu.mx\/","name":"CENTRO UNIVERSITARIO TRILINGUE","description":"","publisher":{"@id":"https:\/\/centrotrilingue.edu.mx\/#organization"},"potentialAction":[{"@type":"SearchAction","target":{"@type":"EntryPoint","urlTemplate":"https:\/\/centrotrilingue.edu.mx\/?s={search_term_string}"},"query-input":{"@type":"PropertyValueSpecification","valueRequired":true,"valueName":"search_term_string"}}],"inLanguage":"es"},{"@type":"Organization","@id":"https:\/\/centrotrilingue.edu.mx\/#organization","name":"CENTRO UNIVERSITARIO TRILINGUE","url":"https:\/\/centrotrilingue.edu.mx\/","logo":{"@type":"ImageObject","inLanguage":"es","@id":"https:\/\/centrotrilingue.edu.mx\/#\/schema\/logo\/image\/","url":"https:\/\/centrotrilingue.edu.mx\/wp-content\/uploads\/2026\/04\/cropped-logo-26.png","contentUrl":"https:\/\/centrotrilingue.edu.mx\/wp-content\/uploads\/2026\/04\/cropped-logo-26.png","width":1208,"height":206,"caption":"CENTRO UNIVERSITARIO TRILINGUE"},"image":{"@id":"https:\/\/centrotrilingue.edu.mx\/#\/schema\/logo\/image\/"},"sameAs":["https:\/\/www.facebook.com\/centrotrilingue\/","https:\/\/x.com\/CTrilingue","https:\/\/www.tiktok.com\/@centrotrilingue","https:\/\/www.instagram.com\/centro_trilingue\/"]}]}},"jetpack_sharing_enabled":true,"_links":{"self":[{"href":"https:\/\/centrotrilingue.edu.mx\/wp-json\/wp\/v2\/pages\/1322","targetHints":{"allow":["GET"]}}],"collection":[{"href":"https:\/\/centrotrilingue.edu.mx\/wp-json\/wp\/v2\/pages"}],"about":[{"href":"https:\/\/centrotrilingue.edu.mx\/wp-json\/wp\/v2\/types\/page"}],"author":[{"embeddable":true,"href":"https:\/\/centrotrilingue.edu.mx\/wp-json\/wp\/v2\/users\/3"}],"replies":[{"embeddable":true,"href":"https:\/\/centrotrilingue.edu.mx\/wp-json\/wp\/v2\/comments?post=1322"}],"version-history":[{"count":5,"href":"https:\/\/centrotrilingue.edu.mx\/wp-json\/wp\/v2\/pages\/1322\/revisions"}],"predecessor-version":[{"id":1346,"href":"https:\/\/centrotrilingue.edu.mx\/wp-json\/wp\/v2\/pages\/1322\/revisions\/1346"}],"wp:attachment":[{"href":"https:\/\/centrotrilingue.edu.mx\/wp-json\/wp\/v2\/media?parent=1322"}],"curies":[{"name":"wp","href":"https:\/\/api.w.org\/{rel}","templated":true}]}}